{"id":4786,"date":"2024-12-19T11:07:25","date_gmt":"2024-12-19T11:07:25","guid":{"rendered":"https:\/\/www.pack-man.at\/?page_id=4786"},"modified":"2025-07-14T06:09:14","modified_gmt":"2025-07-14T06:09:14","slug":"leistungen","status":"publish","type":"page","link":"https:\/\/www.pack-man.at\/en\/leistungen\/","title":{"rendered":"Services"},"content":{"rendered":"<div id=\"fws_69daa006e2bb1\" data-fullscreen-anchor-id=\"intro\" data-column-margin=\"default\" data-midnight=\"light\" data-nectar-animated-gradient-settings=\"{&quot;color_1&quot;:&quot;#474649&quot;,&quot;color_2&quot;:&quot;#00aedc&quot;,&quot;speed&quot;:&quot;1300&quot;,&quot;blending_mode&quot;:&quot;linear&quot;}\"  class=\"wpb_row vc_row-fluid vc_row full-width-section\"  style=\"\"><div class=\"full-page-inner-wrap-outer\"><div class=\"full-page-inner-wrap\" data-name=\"Intro\" data-content-pos=\"middle\"><div class=\"full-page-inner\"><div class=\"row-bg-wrap has-animated-gradient\" data-bg-animation=\"none\" data-bg-animation-delay=\"\" data-bg-overlay=\"true\"><div class=\"inner-wrap row-bg-layer\" ><div class=\"row-bg viewport-desktop using-bg-color\"  style=\"background-color: #474649; \"><\/div><\/div><div class=\"row-bg-overlay row-bg-layer\" style=\"background: #0a0a0a; background: linear-gradient(90deg,#0a0a0a 0%,#757575 100%);  opacity: 0.5; \"><\/div><\/div><div class=\"container\"><div class=\"row_col_wrap_12 col span_12 light left\">\n\t<div  class=\"vc_col-sm-12 wpb_column column_container vc_column_container col centered-text padding-6-percent inherit_tablet inherit_phone\"  data-padding-pos=\"all\" data-has-bg-color=\"false\" data-bg-color=\"\" data-bg-opacity=\"1\" data-animation=\"\" data-delay=\"0\" >\n\t\t<div class=\"vc_column-inner\" >\n\t\t\t<div class=\"wpb_wrapper\">\n\t\t\t\t<div id=\"fws_69daa006e3574\" data-midnight=\"\" data-column-margin=\"default\" class=\"wpb_row vc_row-fluid vc_row inner_row\"  style=\"\"><div class=\"row-bg-wrap\"> <div class=\"row-bg\" ><\/div> <\/div><div class=\"row_col_wrap_12_inner col span_12  left\">\n\t<div  class=\"vc_col-sm-12 wpb_column column_container vc_column_container col child_column has-animation no-extra-padding inherit_tablet inherit_phone\"   data-padding-pos=\"all\" data-has-bg-color=\"false\" data-bg-color=\"\" data-bg-opacity=\"1\" data-animation=\"fade-in-from-bottom\" data-delay=\"0\" >\n\t\t<div class=\"vc_column-inner\" >\n\t\t<div class=\"wpb_wrapper\">\n\t\t\t\n<div class=\"wpb_text_column wpb_content_element\" style=\" max-width: 700px; display: inline-block;\">\n\t<div class=\"wpb_wrapper\">\n\t\t<h2>Packaged with Precision.<br \/>\nDelivered with Passion.<\/h2>\n\t<\/div>\n<\/div>\n\n\n\n\n\t\t<\/div> \n\t<\/div>\n\t<\/div> \n<\/div><\/div><div id=\"fws_69daa006e3c94\" data-midnight=\"\" data-column-margin=\"default\" class=\"wpb_row vc_row-fluid vc_row inner_row\"  style=\"\"><div class=\"row-bg-wrap\"> <div class=\"row-bg\" ><\/div> <\/div><div class=\"row_col_wrap_12_inner col span_12  left\">\n\t<div  class=\"vc_col-sm-12 wpb_column column_container vc_column_container col child_column has-animation no-extra-padding inherit_tablet inherit_phone\"   data-padding-pos=\"all\" data-has-bg-color=\"false\" data-bg-color=\"\" data-bg-opacity=\"1\" data-animation=\"fade-in-from-bottom\" data-delay=\"100\" >\n\t\t<div class=\"vc_column-inner\" >\n\t\t<div class=\"wpb_wrapper\">\n\t\t\t<div class=\"nectar-cta  alignment_tablet_default alignment_phone_default display_tablet_inherit display_phone_inherit font_size_desktop_1vw font_size_tablet_2vw font_size_phone_4vw font_size_max_50px\" data-color=\"default\" data-using-bg=\"false\" data-style=\"text-reveal\" data-display=\"block\" data-alignment=\"center\" data-text-color=\"std\" ><p><span class=\"link_wrap\" ><a  rel=\"nofollow\" class=\"link_text\" role=\"button\" href=\"#\"><span class=\"text nectar-text-reveal-button__text\"data-text=\"Von der Konzeption bis zur Lieferung, wir entwickeln Verpackungsl\u00f6sungen, die den Wert Ihrer Produkte steigern und Ihre Marke st\u00e4rken.\">From concept to delivery, we develop packaging solutions that enhance the value of your products and strengthen your brand.<\/span><\/a><\/span><\/p><\/div>\n\t\t<\/div> \n\t<\/div>\n\t<\/div> \n<\/div><\/div>\n\t\t\t<\/div> \n\t\t<\/div>\n\t<\/div> \n<\/div><\/div><\/div><\/div><\/div><\/div><!--inner-wrap-->\n\t\t<div id=\"fws_69daa006e42e9\" data-fullscreen-anchor-id=\"core-features\" data-column-margin=\"default\" data-midnight=\"dark\"  class=\"wpb_row vc_row-fluid vc_row full-width-section\"  style=\"\"><div class=\"full-page-inner-wrap-outer\"><div class=\"full-page-inner-wrap\" data-name=\"Core Features\" data-content-pos=\"middle\"><div class=\"full-page-inner\"><div class=\"row-bg-wrap\" data-bg-animation=\"none\" data-bg-animation-delay=\"\" data-bg-overlay=\"false\"><div class=\"inner-wrap row-bg-layer\" ><div class=\"row-bg viewport-desktop using-bg-color\"  style=\"background-color: #ffffff; \"><\/div><\/div><\/div><div class=\"container\"><div class=\"row_col_wrap_12 col span_12 dark left\">\n\t<div  class=\"vc_col-sm-12 wpb_column column_container vc_column_container col centered-text no-extra-padding inherit_tablet inherit_phone\"  data-padding-pos=\"all\" data-has-bg-color=\"false\" data-bg-color=\"\" data-bg-opacity=\"1\" data-animation=\"\" data-delay=\"0\" >\n\t\t<div class=\"vc_column-inner\" >\n\t\t\t<div class=\"wpb_wrapper\">\n\t\t\t\t<div id=\"fws_69daa006e4689\" data-midnight=\"\" data-column-margin=\"default\" class=\"wpb_row vc_row-fluid vc_row inner_row\"  style=\"\"><div class=\"row-bg-wrap\"> <div class=\"row-bg\" ><\/div> <\/div><div class=\"row_col_wrap_12_inner col span_12  left\">\n\t<div  class=\"vc_col-sm-6 wpb_column column_container vc_column_container col child_column has-animation no-extra-padding inherit_tablet inherit_phone\"   data-padding-pos=\"all\" data-has-bg-color=\"false\" data-bg-color=\"\" data-bg-opacity=\"1\" data-animation=\"fade-in\" data-delay=\"0\" >\n\t\t<div class=\"vc_column-inner\" >\n\t\t<div class=\"wpb_wrapper\">\n\t\t\t<div class=\"nectar-fancy-box using-img\" data-style=\"color_box_hover\" data-animation=\"\" data-hover-o=\"default\" data-border-radius=\"default\" data-border=\"\" data-box-color-opacity=\"1\" data-delay=\"\" data-alignment=\"left\" data-color=\"extra-color-gradient-1\" ><div class=\"box-inner-wrap\"><div class=\"box-bg\" role=\"presentation\"  style=\"background-image: url('https:\/\/www.pack-man.at\/wp-content\/uploads\/2025\/07\/Homepage-Packman00001.png'); \"><\/div> <div class=\"inner\" style=\"min-height: 200px\"><div class=\"inner-wrap\"><i class=\"icon-default-style fa fa-plane\" data-color=\"extra-color-gradient-1\" style=\"font-size: 50px!important; line-height: 50px!important;\"><\/i><i class=\"icon-default-style hover-only fa fa-plane\" data-color=\"white\" style=\"font-size: 50px!important; line-height: 50px!important;\"><\/i>\n<h4><strong>Automotive &amp; Aerospace Packaging<\/strong><\/h4>\n<p>We provide high-performance packaging solutions for demanding industries. Our packaging ensures protection, compliance, and quality.<\/div><\/div>  <\/div> <\/div>\n\t\t<\/div> \n\t<\/div>\n\t<\/div> \n\n\t<div  class=\"vc_col-sm-6 wpb_column column_container vc_column_container col child_column no-extra-padding inherit_tablet inherit_phone\"   data-padding-pos=\"all\" data-has-bg-color=\"false\" data-bg-color=\"\" data-bg-opacity=\"1\" data-animation=\"\" data-delay=\"0\" >\n\t\t<div class=\"vc_column-inner\" >\n\t\t<div class=\"wpb_wrapper\">\n\t\t\t<div class=\"nectar-fancy-box using-img\" data-style=\"color_box_hover\" data-animation=\"\" data-hover-o=\"default\" data-border-radius=\"default\" data-border=\"\" data-box-color-opacity=\"1\" data-delay=\"\" data-alignment=\"left\" data-color=\"extra-color-gradient-1\" ><div class=\"box-inner-wrap\"><div class=\"box-bg\" role=\"presentation\"  style=\"background-image: url('https:\/\/www.pack-man.at\/wp-content\/uploads\/2025\/07\/Homepage-Packman0000643.png'); \"><\/div> <div class=\"inner\" style=\"min-height: 200px\"><div class=\"inner-wrap\"><i class=\"icon-default-style fa fa-gift\" data-color=\"extra-color-gradient-1\" style=\"font-size: 50px!important; line-height: 50px!important;\"><\/i><i class=\"icon-default-style hover-only fa fa-gift\" data-color=\"white\" style=\"font-size: 50px!important; line-height: 50px!important;\"><\/i>\n<h4><strong>Retail Packaging<\/strong><\/h4>\n<p>Stand out on the shelf with packaging that perfectly combines functionality and design.<\/div><\/div>  <\/div> <\/div>\n\t\t<\/div> \n\t<\/div>\n\t<\/div> \n<\/div><\/div><div id=\"fws_69daa006e56e1\" data-midnight=\"\" data-column-margin=\"default\" class=\"wpb_row vc_row-fluid vc_row inner_row\"  style=\"\"><div class=\"row-bg-wrap\"> <div class=\"row-bg\" ><\/div> <\/div><div class=\"row_col_wrap_12_inner col span_12  left\">\n\t<div  class=\"vc_col-sm-6 wpb_column column_container vc_column_container col child_column has-animation no-extra-padding inherit_tablet inherit_phone\"   data-padding-pos=\"all\" data-has-bg-color=\"false\" data-bg-color=\"\" data-bg-opacity=\"1\" data-animation=\"fade-in\" data-delay=\"0\" >\n\t\t<div class=\"vc_column-inner\" >\n\t\t<div class=\"wpb_wrapper\">\n\t\t\t<div class=\"nectar-fancy-box using-img  has-animation\" data-style=\"color_box_hover\" data-animation=\"fade-in\" data-hover-o=\"default\" data-border-radius=\"default\" data-border=\"\" data-box-color-opacity=\"1\" data-delay=\"0\" data-alignment=\"left\" data-color=\"extra-color-gradient-1\" ><div class=\"box-inner-wrap\"><div class=\"box-bg\" role=\"presentation\"  style=\"background-image: url('https:\/\/www.pack-man.at\/wp-content\/uploads\/2025\/07\/Homepage-Packman00004.png'); \"><\/div> <div class=\"inner\" style=\"min-height: 200px\"><div class=\"inner-wrap\"><i class=\"icon-default-style fa fa-linode\" data-color=\"extra-color-gradient-1\" style=\"font-size: 50px!important; line-height: 50px!important;\"><\/i><i class=\"icon-default-style hover-only fa fa-linode\" data-color=\"white\" style=\"font-size: 50px!important; line-height: 50px!important;\"><\/i>\n<h4><strong>Industrial packaging<\/strong><\/h4>\n<p>Our packaging for the industrial sector offers robust solutions for the highest demands.<\/div><\/div>  <\/div> <\/div>\n\t\t<\/div> \n\t<\/div>\n\t<\/div> \n\n\t<div  class=\"vc_col-sm-6 wpb_column column_container vc_column_container col child_column no-extra-padding inherit_tablet inherit_phone\"   data-padding-pos=\"all\" data-has-bg-color=\"false\" data-bg-color=\"\" data-bg-opacity=\"1\" data-animation=\"\" data-delay=\"0\" >\n\t\t<div class=\"vc_column-inner\" >\n\t\t<div class=\"wpb_wrapper\">\n\t\t\t<div class=\"nectar-fancy-box using-img\" data-style=\"color_box_hover\" data-animation=\"\" data-hover-o=\"default\" data-border-radius=\"default\" data-border=\"\" data-box-color-opacity=\"1\" data-delay=\"\" data-alignment=\"left\" data-color=\"extra-color-gradient-1\" ><div class=\"box-inner-wrap\"><div class=\"box-bg\" role=\"presentation\"  style=\"background-image: url('https:\/\/www.pack-man.at\/wp-content\/uploads\/2025\/07\/Homepage-Packman0000053.png'); \"><\/div> <div class=\"inner\" style=\"min-height: 200px\"><div class=\"inner-wrap\"><i class=\"icon-default-style fa fa-shopping-bag\" data-color=\"extra-color-gradient-1\" style=\"font-size: 50px!important; line-height: 50px!important;\"><\/i><i class=\"icon-default-style hover-only fa fa-shopping-bag\" data-color=\"white\" style=\"font-size: 50px!important; line-height: 50px!important;\"><\/i>\n<h4><strong>Exclusive &amp; luxury packaging<\/strong><\/h4>\n<p>Impress your customers with custom packaging that reflects the unique character of your brand.<\/div><\/div>  <\/div> <\/div>\n\t\t<\/div> \n\t<\/div>\n\t<\/div> \n<\/div><\/div>\n\t\t\t<\/div> \n\t\t<\/div>\n\t<\/div> \n<\/div><\/div><\/div><\/div><\/div><\/div><!--inner-wrap-->\n\t\t<div id=\"fws_69daa006e6398\" data-fullscreen-anchor-id=\"case-study\" data-column-margin=\"default\" data-midnight=\"light\"  class=\"wpb_row vc_row-fluid vc_row full-width-section\"  style=\"\"><div class=\"full-page-inner-wrap-outer\"><div class=\"full-page-inner-wrap\" data-name=\"Case Study\" data-content-pos=\"middle\"><div class=\"full-page-inner\"><div class=\"row-bg-wrap\" data-bg-animation=\"none\" data-bg-animation-delay=\"\" data-bg-overlay=\"true\"><div class=\"inner-wrap row-bg-layer\" ><div class=\"row-bg viewport-desktop using-bg-color\"  style=\"background-color: #474649; \"><\/div><\/div><div class=\"row-bg-overlay row-bg-layer\" style=\"background: #0a0a0a; background: linear-gradient(90deg,#0a0a0a 0%,#757575 100%);  opacity: 0.5; \"><\/div><\/div><div class=\"container\"><div class=\"row_col_wrap_12 col span_12 light left\">\n\t<div  class=\"vc_col-sm-12 wpb_column column_container vc_column_container col padding-6-percent inherit_tablet inherit_phone\"  data-padding-pos=\"all\" data-has-bg-color=\"false\" data-bg-color=\"\" data-bg-opacity=\"1\" data-animation=\"\" data-delay=\"0\" >\n\t\t<div class=\"vc_column-inner\" >\n\t\t\t<div class=\"wpb_wrapper\">\n\t\t\t\t<div id=\"fws_69daa006e672b\" data-midnight=\"\" data-column-margin=\"default\" class=\"wpb_row vc_row-fluid vc_row inner_row\"  style=\"\"><div class=\"row-bg-wrap\"> <div class=\"row-bg\" ><\/div> <\/div><div class=\"row_col_wrap_12_inner col span_12  left\">\n\t<div  class=\"vc_col-sm-12 wpb_column column_container vc_column_container col child_column has-animation no-extra-padding inherit_tablet inherit_phone\"   data-padding-pos=\"all\" data-has-bg-color=\"false\" data-bg-color=\"\" data-bg-opacity=\"1\" data-animation=\"fade-in-from-bottom\" data-delay=\"0\" >\n\t\t<div class=\"vc_column-inner\" >\n\t\t<div class=\"wpb_wrapper\">\n\t\t\t\n<div class=\"wpb_text_column wpb_content_element\" style=\" max-width: 800px; display: inline-block;\">\n\t<div class=\"wpb_wrapper\">\n\t\t<h2>Contact us today<\/h2>\n\t<\/div>\n<\/div>\n\n\n\n\n\t\t<\/div> \n\t<\/div>\n\t<\/div> \n<\/div><\/div><div id=\"fws_69daa006e6ae7\" data-midnight=\"\" data-column-margin=\"default\" class=\"wpb_row vc_row-fluid vc_row inner_row\"  style=\"\"><div class=\"row-bg-wrap\"> <div class=\"row-bg\" ><\/div> <\/div><div class=\"row_col_wrap_12_inner col span_12  left\">\n\t<div  class=\"vc_col-sm-12 wpb_column column_container vc_column_container col child_column has-animation no-extra-padding inherit_tablet inherit_phone\"   data-padding-pos=\"all\" data-has-bg-color=\"false\" data-bg-color=\"\" data-bg-opacity=\"1\" data-animation=\"fade-in-from-bottom\" data-delay=\"100\" >\n\t\t<div class=\"vc_column-inner\" >\n\t\t<div class=\"wpb_wrapper\">\n\t\t\t\n<div class=\"wpb_text_column wpb_content_element  vc_custom_1734610643872\" style=\" max-width: 400px; display: inline-block;\">\n\t<div class=\"wpb_wrapper\">\n\t\t<p>to learn more about our services!<\/p>\n\t<\/div>\n<\/div>\n\n\n\n\n\t\t<\/div> \n\t<\/div>\n\t<\/div> \n<\/div><\/div><div id=\"fws_69daa006e6e62\" data-midnight=\"\" data-column-margin=\"default\" class=\"wpb_row vc_row-fluid vc_row inner_row\"  style=\"\"><div class=\"row-bg-wrap\"> <div class=\"row-bg\" ><\/div> <\/div><div class=\"row_col_wrap_12_inner col span_12  left\">\n\t<div  class=\"vc_col-sm-12 wpb_column column_container vc_column_container col child_column has-animation no-extra-padding inherit_tablet inherit_phone\"   data-padding-pos=\"all\" data-has-bg-color=\"false\" data-bg-color=\"\" data-bg-opacity=\"1\" data-animation=\"fade-in-from-bottom\" data-delay=\"200\" >\n\t\t<div class=\"vc_column-inner\" >\n\t\t<div class=\"wpb_wrapper\">\n\t\t\t<a class=\"nectar-button jumbo see-through-extra-color-gradient-1\"  role=\"button\" style=\"margin-top: 35px; \"  href=\"https:\/\/www.pack-man.at\/en\/kontakt\/\" data-color-override=\"false\" data-hover-color-override=\"false\" data-hover-text-color-override=\"#fff\"><span class=\"start loading\">Get a Quote<\/span><span class=\"hover\">Get a Quote<\/span><\/a>\n\t\t<\/div> \n\t<\/div>\n\t<\/div> \n<\/div><\/div>\n\t\t\t<\/div> \n\t\t<\/div>\n\t<\/div> \n<\/div><\/div><\/div><\/div><\/div><\/div><!--inner-wrap-->","protected":false},"excerpt":{"rendered":"Verpackt mit Pr\u00e4zision. Geliefert mit Leidenschaft. Von der Konzeption bis zur Lieferung, wir entwickeln Verpackungsl\u00f6sungen, die den Wert Ihrer Produkte steigern und Ihre Marke st\u00e4rken. Automobil- &amp; Luftfahrtverpackungen Wir bieten...","protected":false},"author":1,"featured_media":0,"parent":0,"menu_order":0,"comment_status":"closed","ping_status":"closed","template":"","meta":{"footnotes":""},"class_list":["post-4786","page","type-page","status-publish"],"_links":{"self":[{"href":"https:\/\/www.pack-man.at\/en\/wp-json\/wp\/v2\/pages\/4786","targetHints":{"allow":["GET"]}}],"collection":[{"href":"https:\/\/www.pack-man.at\/en\/wp-json\/wp\/v2\/pages"}],"about":[{"href":"https:\/\/www.pack-man.at\/en\/wp-json\/wp\/v2\/types\/page"}],"author":[{"embeddable":true,"href":"https:\/\/www.pack-man.at\/en\/wp-json\/wp\/v2\/users\/1"}],"replies":[{"embeddable":true,"href":"https:\/\/www.pack-man.at\/en\/wp-json\/wp\/v2\/comments?post=4786"}],"version-history":[{"count":0,"href":"https:\/\/www.pack-man.at\/en\/wp-json\/wp\/v2\/pages\/4786\/revisions"}],"wp:attachment":[{"href":"https:\/\/www.pack-man.at\/en\/wp-json\/wp\/v2\/media?parent=4786"}],"curies":[{"name":"wp","href":"https:\/\/api.w.org\/{rel}","templated":true}]}}