{"id":4790,"date":"2024-12-19T11:08:06","date_gmt":"2024-12-19T11:08:06","guid":{"rendered":"https:\/\/www.pack-man.at\/?page_id=4790"},"modified":"2024-12-30T10:53:53","modified_gmt":"2024-12-30T10:53:53","slug":"nachhaltigkeit","status":"publish","type":"page","link":"https:\/\/www.pack-man.at\/en\/nachhaltigkeit\/","title":{"rendered":"Sustainability"},"content":{"rendered":"<div id=\"fws_69da8d3dba2f2\" data-fullscreen-anchor-id=\"intro\" data-column-margin=\"default\" data-midnight=\"light\" data-nectar-animated-gradient-settings=\"{&quot;color_1&quot;:&quot;#474649&quot;,&quot;color_2&quot;:&quot;#00aedc&quot;,&quot;speed&quot;:&quot;1300&quot;,&quot;blending_mode&quot;:&quot;linear&quot;}\"  class=\"wpb_row vc_row-fluid vc_row full-width-section\"  style=\"\"><div class=\"full-page-inner-wrap-outer\"><div class=\"full-page-inner-wrap\" data-name=\"Intro\" data-content-pos=\"middle\"><div class=\"full-page-inner\"><div class=\"row-bg-wrap has-animated-gradient\" data-bg-animation=\"none\" data-bg-animation-delay=\"\" data-bg-overlay=\"true\"><div class=\"inner-wrap row-bg-layer\" ><div class=\"row-bg viewport-desktop using-bg-color\"  style=\"background-color: #474649; \"><\/div><\/div><div class=\"row-bg-overlay row-bg-layer\" style=\"background: #0a0a0a; background: linear-gradient(90deg,#0a0a0a 0%,#757575 100%);  opacity: 0.5; \"><\/div><\/div><div class=\"container\"><div class=\"row_col_wrap_12 col span_12 light left\">\n\t<div  class=\"vc_col-sm-12 wpb_column column_container vc_column_container col centered-text padding-6-percent inherit_tablet inherit_phone\"  data-padding-pos=\"all\" data-has-bg-color=\"false\" data-bg-color=\"\" data-bg-opacity=\"1\" data-animation=\"\" data-delay=\"0\" >\n\t\t<div class=\"vc_column-inner\" >\n\t\t\t<div class=\"wpb_wrapper\">\n\t\t\t\t<div id=\"fws_69da8d3dbaaf0\" data-midnight=\"\" data-column-margin=\"default\" class=\"wpb_row vc_row-fluid vc_row inner_row\"  style=\"\"><div class=\"row-bg-wrap\"> <div class=\"row-bg\" ><\/div> <\/div><div class=\"row_col_wrap_12_inner col span_12  left\">\n\t<div  class=\"vc_col-sm-12 wpb_column column_container vc_column_container col child_column has-animation no-extra-padding inherit_tablet inherit_phone\"   data-padding-pos=\"all\" data-has-bg-color=\"false\" data-bg-color=\"\" data-bg-opacity=\"1\" data-animation=\"fade-in-from-bottom\" data-delay=\"0\" >\n\t\t<div class=\"vc_column-inner\" >\n\t\t<div class=\"wpb_wrapper\">\n\t\t\t\n<div class=\"wpb_text_column wpb_content_element\" style=\" max-width: 700px; display: inline-block;\">\n\t<div class=\"wpb_wrapper\">\n\t\t<h2>Eco-friendly packaging for a sustainable future.<\/h2>\n\t<\/div>\n<\/div>\n\n\n\n\n\t\t<\/div> \n\t<\/div>\n\t<\/div> \n<\/div><\/div><div id=\"fws_69da8d3dbb0c3\" data-midnight=\"\" data-column-margin=\"default\" class=\"wpb_row vc_row-fluid vc_row inner_row\"  style=\"\"><div class=\"row-bg-wrap\"> <div class=\"row-bg\" ><\/div> <\/div><div class=\"row_col_wrap_12_inner col span_12  left\">\n\t<div  class=\"vc_col-sm-12 wpb_column column_container vc_column_container col child_column has-animation no-extra-padding inherit_tablet inherit_phone\"   data-padding-pos=\"all\" data-has-bg-color=\"false\" data-bg-color=\"\" data-bg-opacity=\"1\" data-animation=\"fade-in-from-bottom\" data-delay=\"100\" >\n\t\t<div class=\"vc_column-inner\" >\n\t\t<div class=\"wpb_wrapper\">\n\t\t\t<div class=\"nectar-cta  alignment_tablet_default alignment_phone_default display_tablet_inherit display_phone_inherit font_size_desktop_1vw font_size_tablet_2vw font_size_phone_4vw font_size_max_50px\" data-color=\"default\" data-using-bg=\"false\" data-style=\"text-reveal\" data-display=\"block\" data-alignment=\"center\" data-text-color=\"std\" ><p><span class=\"link_wrap\" ><a  rel=\"nofollow\" class=\"link_text\" role=\"button\" href=\"#\"><span class=\"text nectar-text-reveal-button__text\"data-text=\"Wir kombinieren Innovation und Verantwortung, um Ihre Nachhaltigkeitsziele zu erreichen.\">Wir kombinieren Innovation und Verantwortung, um Ihre Nachhaltigkeitsziele zu erreichen.<\/span><\/a><\/span><\/p><\/div>\n\t\t<\/div> \n\t<\/div>\n\t<\/div> \n<\/div><\/div>\n\t\t\t<\/div> \n\t\t<\/div>\n\t<\/div> \n<\/div><\/div><\/div><\/div><\/div><\/div><!--inner-wrap-->\n\t\t<div id=\"fws_69da8d3dbb610\" data-fullscreen-anchor-id=\"mission-1\" data-column-margin=\"default\" data-midnight=\"dark\"  class=\"wpb_row vc_row-fluid vc_row full-width-section vc_row-o-equal-height vc_row-flex vc_row-o-content-middle\"  style=\"\"><div class=\"full-page-inner-wrap-outer\"><div class=\"full-page-inner-wrap\" data-name=\"Unsere mission-1\" data-content-pos=\"middle\"><div class=\"full-page-inner\"><div class=\"row-bg-wrap\" data-bg-animation=\"none\" data-bg-animation-delay=\"\" data-bg-overlay=\"false\"><div class=\"inner-wrap row-bg-layer\" ><div class=\"row-bg viewport-desktop using-bg-color\"  style=\"background-color: #ecf7ff; \"><\/div><\/div><\/div><div class=\"container\"><div class=\"row_col_wrap_12 col span_12 dark left\">\n\t<div  class=\"vc_col-sm-6 wpb_column column_container vc_column_container col padding-2-percent inherit_tablet inherit_phone\"  data-padding-pos=\"all\" data-has-bg-color=\"false\" data-bg-color=\"\" data-bg-opacity=\"1\" data-animation=\"\" data-delay=\"0\" >\n\t\t<div class=\"vc_column-inner\" >\n\t\t\t<div class=\"wpb_wrapper\">\n\t\t\t\t<div class=\"nectar-icon-list\" data-icon-color=\"default\" data-icon-style=\"border\" data-columns=\"3\" data-direction=\"vertical\" data-icon-size=\"small\" data-animate=\"true\"><div class=\"nectar-icon-list-item\"><div class=\"list-icon-holder\" data-icon_type=\"numerical\"><span>1<\/span><\/div><div class=\"content\"><h4>Eco-friendly materials<\/h4>Recyclable and biodegradable solutions.<\/div><\/div><div class=\"nectar-icon-list-item\"><div class=\"list-icon-holder\" data-icon_type=\"numerical\"><span>2<\/span><\/div><div class=\"content\"><h4>Sustainable designs<\/h4>Efficient designs for waste reduction.<\/div><\/div><div class=\"nectar-icon-list-item\"><div class=\"list-icon-holder\" data-icon_type=\"numerical\"><span>3<\/span><\/div><div class=\"content\"><h4>Green production methods.<\/h4>Green production methods.<\/div><\/div><\/div>\n\t\t\t<\/div> \n\t\t<\/div>\n\t<\/div> \n\n\t<div  class=\"vc_col-sm-6 vc_hidden-sm vc_hidden-xs wpb_column column_container vc_column_container col no-extra-padding inherit_tablet inherit_phone\"  data-padding-pos=\"all\" data-has-bg-color=\"false\" data-bg-color=\"\" data-bg-opacity=\"1\" data-animation=\"\" data-delay=\"0\" >\n\t\t<div class=\"vc_column-inner\" >\n\t\t\t<div class=\"wpb_wrapper\">\n\t\t\t\t<div class=\"img-with-aniamtion-wrap center\" data-max-width=\"165%\" data-max-width-mobile=\"default\" data-shadow=\"none\" data-animation=\"fade-in-from-left\" >\n      <div class=\"inner\">\n        <div class=\"hover-wrap\"> \n          <div class=\"hover-wrap-inner\">\n            <img loading=\"lazy\" decoding=\"async\" class=\"img-with-animation skip-lazy nectar-lazy\" data-delay=\"0\" height=\"978\" width=\"1600\" data-animation=\"fade-in-from-left\" data-nectar-img-src=\"https:\/\/www.pack-man.at\/wp-content\/uploads\/2024\/12\/Box-slider.png\" src=\"data:image\/svg+xml;charset=utf-8,%3Csvg%20xmlns%3D'http%3A%2F%2Fwww.w3.org%2F2000%2Fsvg'%20viewBox%3D'0%200%201600%20978'%2F%3E\" alt=\"\" data-nectar-img-srcset=\"https:\/\/www.pack-man.at\/wp-content\/uploads\/2024\/12\/Box-slider.png 1600w, https:\/\/www.pack-man.at\/wp-content\/uploads\/2024\/12\/Box-slider-300x183.png 300w, https:\/\/www.pack-man.at\/wp-content\/uploads\/2024\/12\/Box-slider-1024x626.png 1024w, https:\/\/www.pack-man.at\/wp-content\/uploads\/2024\/12\/Box-slider-768x469.png 768w, https:\/\/www.pack-man.at\/wp-content\/uploads\/2024\/12\/Box-slider-1536x939.png 1536w\" sizes=\"auto, (max-width: 1600px) 100vw, 1600px\" \/>\n          <\/div>\n        <\/div>\n      <\/div>\n    <\/div>\n\t\t\t<\/div> \n\t\t<\/div>\n\t<\/div> \n<\/div><\/div><\/div><\/div><\/div><\/div><!--inner-wrap-->\n\t\t<div id=\"fws_69da8d3dbc627\" data-fullscreen-anchor-id=\"save-time\" data-column-margin=\"default\" data-midnight=\"dark\"  class=\"wpb_row vc_row-fluid vc_row full-width-section vc_row-o-equal-height vc_row-flex vc_row-o-content-middle\"  style=\"\"><div class=\"full-page-inner-wrap-outer\"><div class=\"full-page-inner-wrap\" data-name=\"Save Time\" data-content-pos=\"middle\"><div class=\"full-page-inner\"><div class=\"row-bg-wrap\" data-bg-animation=\"none\" data-bg-animation-delay=\"\" data-bg-overlay=\"false\"><div class=\"inner-wrap row-bg-layer\" ><div class=\"row-bg viewport-desktop using-bg-color\"  style=\"background-color: #ffffff; \"><\/div><\/div><\/div><div class=\"container\"><div class=\"row_col_wrap_12 col span_12 dark left\">\n\t<div  class=\"vc_col-sm-6 vc_hidden-sm vc_hidden-xs wpb_column column_container vc_column_container col no-extra-padding inherit_tablet inherit_phone\"  data-padding-pos=\"all\" data-has-bg-color=\"false\" data-bg-color=\"\" data-bg-opacity=\"1\" data-animation=\"\" data-delay=\"0\" >\n\t\t<div class=\"vc_column-inner\" >\n\t\t\t<div class=\"wpb_wrapper\">\n\t\t\t\t<div class=\"img-with-aniamtion-wrap center\" data-max-width=\"165%\" data-max-width-mobile=\"default\" data-shadow=\"none\" data-animation=\"fade-in-from-left\" >\n      <div class=\"inner\">\n        <div class=\"hover-wrap\"> \n          <div class=\"hover-wrap-inner\">\n            <img loading=\"lazy\" decoding=\"async\" class=\"img-with-animation skip-lazy nectar-lazy\" data-delay=\"0\" height=\"978\" width=\"1600\" data-animation=\"fade-in-from-left\" data-nectar-img-src=\"https:\/\/www.pack-man.at\/wp-content\/uploads\/2024\/12\/Box-slider.png\" src=\"data:image\/svg+xml;charset=utf-8,%3Csvg%20xmlns%3D'http%3A%2F%2Fwww.w3.org%2F2000%2Fsvg'%20viewBox%3D'0%200%201600%20978'%2F%3E\" alt=\"\" data-nectar-img-srcset=\"https:\/\/www.pack-man.at\/wp-content\/uploads\/2024\/12\/Box-slider.png 1600w, https:\/\/www.pack-man.at\/wp-content\/uploads\/2024\/12\/Box-slider-300x183.png 300w, https:\/\/www.pack-man.at\/wp-content\/uploads\/2024\/12\/Box-slider-1024x626.png 1024w, https:\/\/www.pack-man.at\/wp-content\/uploads\/2024\/12\/Box-slider-768x469.png 768w, https:\/\/www.pack-man.at\/wp-content\/uploads\/2024\/12\/Box-slider-1536x939.png 1536w\" sizes=\"auto, (max-width: 1600px) 100vw, 1600px\" \/>\n          <\/div>\n        <\/div>\n      <\/div>\n    <\/div>\n\t\t\t<\/div> \n\t\t<\/div>\n\t<\/div> \n\n\t<div  class=\"vc_col-sm-6 wpb_column column_container vc_column_container col padding-2-percent inherit_tablet inherit_phone\"  data-padding-pos=\"all\" data-has-bg-color=\"false\" data-bg-color=\"\" data-bg-opacity=\"1\" data-animation=\"\" data-delay=\"0\" >\n\t\t<div class=\"vc_column-inner\" >\n\t\t\t<div class=\"wpb_wrapper\">\n\t\t\t\t<div id=\"fws_69da8d3dbcc3f\" data-midnight=\"\" data-column-margin=\"default\" class=\"wpb_row vc_row-fluid vc_row inner_row\"  style=\"\"><div class=\"row-bg-wrap\"> <div class=\"row-bg\" ><\/div> <\/div><div class=\"row_col_wrap_12_inner col span_12  left\">\n\t<div  class=\"vc_col-sm-12 wpb_column column_container vc_column_container col child_column has-animation no-extra-padding inherit_tablet inherit_phone\"   data-padding-pos=\"all\" data-has-bg-color=\"false\" data-bg-color=\"\" data-bg-opacity=\"1\" data-animation=\"fade-in-from-bottom\" data-delay=\"0\" >\n\t\t<div class=\"vc_column-inner\" >\n\t\t<div class=\"wpb_wrapper\">\n\t\t\t<div class=\"nectar-gradient-text\" data-direction=\"diagonal\" data-color=\"extra-color-gradient-1\" style=\"\"><h1>Your Benefits<\/h1><\/div>\n\t\t<\/div> \n\t<\/div>\n\t<\/div> \n<\/div><\/div><div id=\"fws_69da8d3dbd07f\" data-midnight=\"\" data-column-margin=\"default\" class=\"wpb_row vc_row-fluid vc_row inner_row\"  style=\"\"><div class=\"row-bg-wrap\"> <div class=\"row-bg\" ><\/div> <\/div><div class=\"row_col_wrap_12_inner col span_12  left\">\n\t<div  class=\"vc_col-sm-12 wpb_column column_container vc_column_container col child_column has-animation no-extra-padding inherit_tablet inherit_phone\"   data-padding-pos=\"all\" data-has-bg-color=\"false\" data-bg-color=\"\" data-bg-opacity=\"1\" data-animation=\"fade-in-from-bottom\" data-delay=\"150\" >\n\t\t<div class=\"vc_column-inner\" >\n\t\t<div class=\"wpb_wrapper\">\n\t\t\t\n<div class=\"wpb_text_column wpb_content_element\" >\n\t<div class=\"wpb_wrapper\">\n\t\t<p>Sustainability enhances your brand perception.<br \/>\nThey meet environmental standards and build trust.<\/p>\n\t<\/div>\n<\/div>\n\n\n\n\n\t\t<\/div> \n\t<\/div>\n\t<\/div> \n<\/div><\/div>\n\t\t\t<\/div> \n\t\t<\/div>\n\t<\/div> \n<\/div><\/div><\/div><\/div><\/div><\/div><!--inner-wrap-->\n\t\t<div id=\"fws_69da8d3dbd40f\" data-fullscreen-anchor-id=\"case-study\" data-column-margin=\"default\" data-midnight=\"light\"  class=\"wpb_row vc_row-fluid vc_row full-width-section\"  style=\"\"><div class=\"full-page-inner-wrap-outer\"><div class=\"full-page-inner-wrap\" data-name=\"Case Study\" data-content-pos=\"middle\"><div class=\"full-page-inner\"><div class=\"row-bg-wrap\" data-bg-animation=\"none\" data-bg-animation-delay=\"\" data-bg-overlay=\"true\"><div class=\"inner-wrap row-bg-layer\" ><div class=\"row-bg viewport-desktop using-bg-color\"  style=\"background-color: #474649; \"><\/div><\/div><div class=\"row-bg-overlay row-bg-layer\" style=\"background: #0a0a0a; background: linear-gradient(90deg,#0a0a0a 0%,#757575 100%);  opacity: 0.5; \"><\/div><\/div><div class=\"container\"><div class=\"row_col_wrap_12 col span_12 light left\">\n\t<div  class=\"vc_col-sm-12 wpb_column column_container vc_column_container col padding-6-percent inherit_tablet inherit_phone\"  data-padding-pos=\"all\" data-has-bg-color=\"false\" data-bg-color=\"\" data-bg-opacity=\"1\" data-animation=\"\" data-delay=\"0\" >\n\t\t<div class=\"vc_column-inner\" >\n\t\t\t<div class=\"wpb_wrapper\">\n\t\t\t\t<div id=\"fws_69da8d3dbd6f2\" data-midnight=\"\" data-column-margin=\"default\" class=\"wpb_row vc_row-fluid vc_row inner_row\"  style=\"\"><div class=\"row-bg-wrap\"> <div class=\"row-bg\" ><\/div> <\/div><div class=\"row_col_wrap_12_inner col span_12  left\">\n\t<div  class=\"vc_col-sm-12 wpb_column column_container vc_column_container col child_column has-animation no-extra-padding inherit_tablet inherit_phone\"   data-padding-pos=\"all\" data-has-bg-color=\"false\" data-bg-color=\"\" data-bg-opacity=\"1\" data-animation=\"fade-in-from-bottom\" data-delay=\"0\" >\n\t\t<div class=\"vc_column-inner\" >\n\t\t<div class=\"wpb_wrapper\">\n\t\t\t\n<div class=\"wpb_text_column wpb_content_element\" style=\" max-width: 800px; display: inline-block;\">\n\t<div class=\"wpb_wrapper\">\n\t\t<h2>Together, we shape a more sustainable future.<\/h2>\n\t<\/div>\n<\/div>\n\n\n\n\n\t\t<\/div> \n\t<\/div>\n\t<\/div> \n<\/div><\/div><div id=\"fws_69da8d3dbd9f2\" data-midnight=\"\" data-column-margin=\"default\" class=\"wpb_row vc_row-fluid vc_row inner_row\"  style=\"\"><div class=\"row-bg-wrap\"> <div class=\"row-bg\" ><\/div> <\/div><div class=\"row_col_wrap_12_inner col span_12  left\">\n\t<div  class=\"vc_col-sm-12 wpb_column column_container vc_column_container col child_column has-animation no-extra-padding inherit_tablet inherit_phone\"   data-padding-pos=\"all\" data-has-bg-color=\"false\" data-bg-color=\"\" data-bg-opacity=\"1\" data-animation=\"fade-in-from-bottom\" data-delay=\"100\" >\n\t\t<div class=\"vc_column-inner\" >\n\t\t<div class=\"wpb_wrapper\">\n\t\t\t\n<div class=\"wpb_text_column wpb_content_element  vc_custom_1734611996631\" style=\" max-width: 400px; display: inline-block;\">\n\t<div class=\"wpb_wrapper\">\n\t\t<p>Let us make your packaging solutions eco-friendly!<\/p>\n\t<\/div>\n<\/div>\n\n\n\n\n\t\t<\/div> \n\t<\/div>\n\t<\/div> \n<\/div><\/div><div id=\"fws_69da8d3dbdcde\" data-midnight=\"\" data-column-margin=\"default\" class=\"wpb_row vc_row-fluid vc_row inner_row\"  style=\"\"><div class=\"row-bg-wrap\"> <div class=\"row-bg\" ><\/div> <\/div><div class=\"row_col_wrap_12_inner col span_12  left\">\n\t<div  class=\"vc_col-sm-12 wpb_column column_container vc_column_container col child_column has-animation no-extra-padding inherit_tablet inherit_phone\"   data-padding-pos=\"all\" data-has-bg-color=\"false\" data-bg-color=\"\" data-bg-opacity=\"1\" data-animation=\"fade-in-from-bottom\" data-delay=\"200\" >\n\t\t<div class=\"vc_column-inner\" >\n\t\t<div class=\"wpb_wrapper\">\n\t\t\t<a class=\"nectar-button jumbo see-through-extra-color-gradient-1\"  role=\"button\" style=\"margin-top: 35px; \"  href=\"https:\/\/www.pack-man.at\/en\/kontakt\/\" data-color-override=\"false\" data-hover-color-override=\"false\" data-hover-text-color-override=\"#fff\"><span class=\"start loading\">Get a Quote<\/span><span class=\"hover\">Get a Quote<\/span><\/a>\n\t\t<\/div> \n\t<\/div>\n\t<\/div> \n<\/div><\/div>\n\t\t\t<\/div> \n\t\t<\/div>\n\t<\/div> \n<\/div><\/div><\/div><\/div><\/div><\/div><!--inner-wrap-->","protected":false},"excerpt":{"rendered":"Umweltfreundliche Verpackungen f\u00fcr eine nachhaltige Zukunft. Wir kombinieren Innovation und Verantwortung, um Ihre Nachhaltigkeitsziele zu erreichen. 1Umweltfreundliche MaterialienRecycelbare und biologisch abbaubare L\u00f6sungen.2Nachhaltige DesignsEffiziente Designs zur Abfallreduktion.3Gr\u00fcne ProduktionsmethodenMinimierung von Abf\u00e4llen und...","protected":false},"author":1,"featured_media":0,"parent":0,"menu_order":0,"comment_status":"closed","ping_status":"closed","template":"","meta":{"footnotes":""},"class_list":["post-4790","page","type-page","status-publish"],"_links":{"self":[{"href":"https:\/\/www.pack-man.at\/en\/wp-json\/wp\/v2\/pages\/4790","targetHints":{"allow":["GET"]}}],"collection":[{"href":"https:\/\/www.pack-man.at\/en\/wp-json\/wp\/v2\/pages"}],"about":[{"href":"https:\/\/www.pack-man.at\/en\/wp-json\/wp\/v2\/types\/page"}],"author":[{"embeddable":true,"href":"https:\/\/www.pack-man.at\/en\/wp-json\/wp\/v2\/users\/1"}],"replies":[{"embeddable":true,"href":"https:\/\/www.pack-man.at\/en\/wp-json\/wp\/v2\/comments?post=4790"}],"version-history":[{"count":0,"href":"https:\/\/www.pack-man.at\/en\/wp-json\/wp\/v2\/pages\/4790\/revisions"}],"wp:attachment":[{"href":"https:\/\/www.pack-man.at\/en\/wp-json\/wp\/v2\/media?parent=4790"}],"curies":[{"name":"wp","href":"https:\/\/api.w.org\/{rel}","templated":true}]}}